{"id":16,"date":"2015-07-03T14:51:06","date_gmt":"2015-07-03T14:51:06","guid":{"rendered":"http:\/\/fyp.nld.mybluehost.me\/?page_id=16"},"modified":"2025-11-12T01:15:12","modified_gmt":"2025-11-12T01:15:12","slug":"home","status":"publish","type":"page","link":"https:\/\/galaxfreeclinic.org\/","title":{"rendered":"Home"},"content":{"rendered":"<h2 style=\"text-align: center;\">Our experienced and dedicated staff and volunteers welcome you to a place where people truly care about you and your health. Doctors and other board certified healthcare providers are there to serve your needs.<\/h2>\n<h3 style=\"text-align: center;\"><strong>Interested in volunteering? Fill out an <a href=\"https:\/\/forms.gle\/Jg4gV579RERakM1P8\">online application<\/a> and someone from the Clinic will reach out to you!!<\/strong><\/h3>\n<p>&nbsp;<\/p>\n<h1 style=\"text-align: center;\">Accepting New Patients (Aceptando pacientes nuevos)<\/h1>\n<p style=\"text-align: center;\"><span style=\"color: #0000ff;\"><strong> SEE APPLICATION LINKS BELOW<\/strong><\/span><\/p>\n<h3 style=\"text-align: center;\">Monday 9:30 am-12:30 pm, Tuesday from 10am-6:00 pm, Wednesday and Thursday 9:30am &#8211; 4:30pm, 1st Saturday of each month 8am-2pm<\/h3>\n<h3 style=\"text-align: center;\">Lunes de 9:30 a. m. a 12:30 p. m.<br data-start=\"33\" data-end=\"36\" \/>Martes de 10:00 a. m. a 6:00 p. m.<br data-start=\"70\" data-end=\"73\" \/>Mi\u00e9rcoles y jueves de 9:30 a. m. a 4:30 p. m.<br data-start=\"118\" data-end=\"121\" \/>Primer s\u00e1bado de cada mes de 8:00 a. m. a 2:00 p. m.<\/h3>\n<h3 style=\"text-align: center;\">Admisi\u00f3n de pacientes nuevos<\/h3>\n<div style=\"text-align: center;\">Applicants need to bring proof of income. There is an administration fee of $35.00 for the first year and $25.00 each year after that.<\/div>\n<div style=\"text-align: center;\">Los solicitantes deben traer prueba de ingresos. Hay una tarifa de administraci\u00f3n de $35.00 por el primer a\u00f1o y $25.00 cada a\u00f1o despu\u00e9s de eso.<\/div>\n<p>&nbsp;<\/p>\n<h3 style=\"text-align: center;\">Income Guidelines (Directrices de ingresos)<\/h3>\n<p><a href=\"https:\/\/galaxfreeclinic.org\/wp-content\/uploads\/2023\/02\/2023-Bilingual-Poster.png\"><img loading=\"lazy\" decoding=\"async\" class=\"aligncenter wp-image-425 size-large\" src=\"https:\/\/galaxfreeclinic.org\/wp-content\/uploads\/2023\/02\/2023-Bilingual-Poster-e1675274851777-1024x666.png\" alt=\"\" width=\"770\" height=\"501\" srcset=\"https:\/\/galaxfreeclinic.org\/wp-content\/uploads\/2023\/02\/2023-Bilingual-Poster-e1675274851777-1024x666.png 1024w, https:\/\/galaxfreeclinic.org\/wp-content\/uploads\/2023\/02\/2023-Bilingual-Poster-e1675274851777-300x195.png 300w, https:\/\/galaxfreeclinic.org\/wp-content\/uploads\/2023\/02\/2023-Bilingual-Poster-e1675274851777-768x499.png 768w, https:\/\/galaxfreeclinic.org\/wp-content\/uploads\/2023\/02\/2023-Bilingual-Poster-e1675274851777-1536x998.png 1536w, https:\/\/galaxfreeclinic.org\/wp-content\/uploads\/2023\/02\/2023-Bilingual-Poster-e1675274851777.png 2000w\" sizes=\"auto, (max-width: 770px) 100vw, 770px\" \/><\/a><\/p>\n<h2>Download and print clinic applications below (Descargue e imprima la solicitud de la cl\u00ednica a continuaci\u00f3n)<\/h2>\n<div id=\"attachment_183\" style=\"width: 189px\" class=\"wp-caption alignleft\"><a href=\"https:\/\/galaxfreeclinic.org\/wp-content\/uploads\/2024\/03\/patient-application-revised-.pdf\"><img loading=\"lazy\" decoding=\"async\" aria-describedby=\"caption-attachment-183\" class=\"size-full wp-image-183\" src=\"https:\/\/galaxfreeclinic.org\/wp-content\/uploads\/2017\/08\/app-pdf-icon.jpg\" alt=\"patient application\" width=\"179\" height=\"250\" \/><\/a><p id=\"caption-attachment-183\" class=\"wp-caption-text\">Medical Application<\/p><\/div>\n<div id=\"attachment_400\" style=\"width: 189px\" class=\"wp-caption alignleft\"><a href=\"https:\/\/galaxfreeclinic.org\/wp-content\/uploads\/2023\/12\/Ohlen-R-Health-Center-Application-.pdf\"><img loading=\"lazy\" decoding=\"async\" aria-describedby=\"caption-attachment-400\" class=\"wp-image-183 size-full\" src=\"https:\/\/galaxfreeclinic.org\/wp-content\/uploads\/2017\/08\/app-pdf-icon.jpg\" alt=\"dental application\" width=\"179\" height=\"250\" \/><\/a><p id=\"caption-attachment-400\" class=\"wp-caption-text\">Dental Application<\/p><\/div>\n<div id=\"attachment_191\" style=\"width: 788px\" class=\"wp-caption alignnone\"><img loading=\"lazy\" decoding=\"async\" aria-describedby=\"caption-attachment-191\" class=\"wp-image-191\" src=\"https:\/\/galaxfreeclinic.org\/wp-content\/uploads\/2015\/07\/translator.jpg\" alt=\"bring a translator with you\" width=\"778\" height=\"226\" srcset=\"https:\/\/galaxfreeclinic.org\/wp-content\/uploads\/2015\/07\/translator.jpg 640w, https:\/\/galaxfreeclinic.org\/wp-content\/uploads\/2015\/07\/translator-300x87.jpg 300w\" sizes=\"auto, (max-width: 778px) 100vw, 778px\" \/><p id=\"caption-attachment-191\" class=\"wp-caption-text\">Damos la bienvenida a personas de todas las nacionalidades<\/p><\/div>\n","protected":false},"excerpt":{"rendered":"<p>Our experienced and dedicated staff and volunteers welcome you to a place where people truly care about you and your health. Doctors and other board certified healthcare providers are there to serve your needs. Interested in volunteering? Fill out an online application and someone from the Clinic will reach out to you!! &nbsp; Accepting New&hellip; <a href=\"https:\/\/galaxfreeclinic.org\/\">Read More<\/a><\/p>\n","protected":false},"author":5,"featured_media":0,"parent":0,"menu_order":0,"comment_status":"closed","ping_status":"open","template":"page-templates\/page-right.php","meta":{"footnotes":""},"class_list":["post-16","page","type-page","status-publish","hentry"],"_links":{"self":[{"href":"https:\/\/galaxfreeclinic.org\/index.php?rest_route=\/wp\/v2\/pages\/16","targetHints":{"allow":["GET"]}}],"collection":[{"href":"https:\/\/galaxfreeclinic.org\/index.php?rest_route=\/wp\/v2\/pages"}],"about":[{"href":"https:\/\/galaxfreeclinic.org\/index.php?rest_route=\/wp\/v2\/types\/page"}],"author":[{"embeddable":true,"href":"https:\/\/galaxfreeclinic.org\/index.php?rest_route=\/wp\/v2\/users\/5"}],"replies":[{"embeddable":true,"href":"https:\/\/galaxfreeclinic.org\/index.php?rest_route=%2Fwp%2Fv2%2Fcomments&post=16"}],"version-history":[{"count":16,"href":"https:\/\/galaxfreeclinic.org\/index.php?rest_route=\/wp\/v2\/pages\/16\/revisions"}],"predecessor-version":[{"id":634,"href":"https:\/\/galaxfreeclinic.org\/index.php?rest_route=\/wp\/v2\/pages\/16\/revisions\/634"}],"wp:attachment":[{"href":"https:\/\/galaxfreeclinic.org\/index.php?rest_route=%2Fwp%2Fv2%2Fmedia&parent=16"}],"curies":[{"name":"wp","href":"https:\/\/api.w.org\/{rel}","templated":true}]}}